{"id":33,"date":"2020-04-13T11:18:48","date_gmt":"2020-04-13T11:18:48","guid":{"rendered":"https:\/\/forms.nive.fi\/contact\/"},"modified":"2025-02-03T10:56:09","modified_gmt":"2025-02-03T07:56:09","slug":"yhteystiedot","status":"publish","type":"page","link":"https:\/\/forms.nive.fi\/en\/yhteystiedot\/","title":{"rendered":"Contact"},"content":{"rendered":"\t\t<div data-elementor-type=\"wp-page\" data-elementor-id=\"33\" class=\"elementor elementor-33\" data-elementor-settings=\"{&quot;ha_cmc_init_switcher&quot;:&quot;no&quot;}\" data-elementor-post-type=\"page\">\n\t\t\t\t\t\t<section class=\"elementor-section elementor-top-section elementor-element elementor-element-ede6f42 elementor-section-boxed elementor-section-height-default elementor-section-height-default\" data-id=\"ede6f42\" data-element_type=\"section\" data-e-type=\"section\" data-settings=\"{&quot;background_background&quot;:&quot;classic&quot;,&quot;_ha_eqh_enable&quot;:false}\">\n\t\t\t\t\t\t\t<div class=\"elementor-background-overlay\"><\/div>\n\t\t\t\t\t\t\t<div class=\"elementor-container elementor-column-gap-default\">\n\t\t\t\t\t<div class=\"elementor-column elementor-col-100 elementor-top-column elementor-element elementor-element-bc6a053\" data-id=\"bc6a053\" data-element_type=\"column\" data-e-type=\"column\">\n\t\t\t<div class=\"elementor-widget-wrap elementor-element-populated\">\n\t\t\t\t\t\t<div class=\"elementor-element elementor-element-32a6ad1b elementor-widget-mobile__width-inherit elementor-widget elementor-widget-heading\" data-id=\"32a6ad1b\" data-element_type=\"widget\" data-e-type=\"widget\" data-widget_type=\"heading.default\">\n\t\t\t\t<div class=\"elementor-widget-container\">\n\t\t\t\t\t<h1 class=\"elementor-heading-title elementor-size-default\">Yhteystiedot<\/h1>\t\t\t\t<\/div>\n\t\t\t\t<\/div>\n\t\t\t\t\t<\/div>\n\t\t<\/div>\n\t\t\t\t\t<\/div>\n\t\t<\/section>\n\t\t\t\t<section class=\"elementor-section elementor-top-section elementor-element elementor-element-29b02a85 elementor-section-content-top elementor-section-boxed elementor-section-height-default elementor-section-height-default\" data-id=\"29b02a85\" data-element_type=\"section\" data-e-type=\"section\" data-settings=\"{&quot;_ha_eqh_enable&quot;:false}\">\n\t\t\t\t\t\t<div class=\"elementor-container elementor-column-gap-no\">\n\t\t\t\t\t<div class=\"elementor-column elementor-col-50 elementor-top-column elementor-element elementor-element-30c96c92\" data-id=\"30c96c92\" data-element_type=\"column\" data-e-type=\"column\">\n\t\t\t<div class=\"elementor-widget-wrap elementor-element-populated\">\n\t\t\t\t\t\t<div class=\"elementor-element elementor-element-2899f8d elementor-widget elementor-widget-eael-feature-list\" data-id=\"2899f8d\" data-element_type=\"widget\" data-e-type=\"widget\" data-widget_type=\"eael-feature-list.default\">\n\t\t\t\t<div class=\"elementor-widget-container\">\n\t\t\t\t\t\t\t<div class=\"-icon-position-left -tablet-icon-position-left -mobile-icon-position-left\">\n\t\t\t<ul id=\"eael-feature-list-2899f8d\" class=\"eael-feature-list-items circle stacked  eael-feature-list-vertical\" data-layout-tablet=\"vertical\" data-layout-mobile=\"vertical\">\n\t\t\t                <li class=\"eael-feature-list-item elementor-repeater-item-d3a7e4e\">\n                    \n\t\t\t\t\t\t<div class=\"eael-feature-list-icon-box\">\n\t\t\t\t\t\t\t<div class=\"eael-feature-list-icon-inner\">\n\n\t\t\t\t\t\t\t\t<span class=\"eael-feature-list-icon fl-icon-0\">\n\n\t\t<i aria-hidden=\"true\" class=\"fas fa-phone-square-alt\"><\/i>\t\t\t\t\t\t\t\t<\/span>\n\t\t\t\t\t\t\t<\/div>\n\t\t\t\t\t\t<\/div>\n\t\t\t\t\t\t<div class=\"eael-feature-list-content-box\">\n                            <p class=\"eael-feature-list-title\">Puhelinnumero<\/p>\t\t\t\t\t\t<p class=\"eael-feature-list-content\">Pekka Korpela <br> +358 40 5544837 <\/p>\n\t\t\t\t\t\t<\/div>\n\n\t\t\t\t\t<\/li>\n\t\t\t\t                <li class=\"eael-feature-list-item elementor-repeater-item-f8d9220\">\n                    \n\t\t\t\t\t\t<div class=\"eael-feature-list-icon-box\">\n\t\t\t\t\t\t\t<div class=\"eael-feature-list-icon-inner\">\n\n\t\t\t\t\t\t\t\t<span class=\"eael-feature-list-icon fl-icon-1\">\n\n\t\t<i aria-hidden=\"true\" class=\"fas fa-envelope\"><\/i>\t\t\t\t\t\t\t\t<\/span>\n\t\t\t\t\t\t\t<\/div>\n\t\t\t\t\t\t<\/div>\n\t\t\t\t\t\t<div class=\"eael-feature-list-content-box\">\n                            <p class=\"eael-feature-list-title\">S\u00e4hk\u00f6posti<\/p>\t\t\t\t\t\t<p class=\"eael-feature-list-content\">info@nive.fi<\/p>\n\t\t\t\t\t\t<\/div>\n\n\t\t\t\t\t<\/li>\n\t\t\t\t                <li class=\"eael-feature-list-item elementor-repeater-item-8a4bd34\">\n                    \n\t\t\t\t\t\t<div class=\"eael-feature-list-icon-box\">\n\t\t\t\t\t\t\t<div class=\"eael-feature-list-icon-inner\">\n\n\t\t\t\t\t\t\t\t<span class=\"eael-feature-list-icon fl-icon-2\">\n\n\t\t<i aria-hidden=\"true\" class=\"fas fa-building\"><\/i>\t\t\t\t\t\t\t\t<\/span>\n\t\t\t\t\t\t\t<\/div>\n\t\t\t\t\t\t<\/div>\n\t\t\t\t\t\t<div class=\"eael-feature-list-content-box\">\n                            <p class=\"eael-feature-list-title\">K\u00e4yntiosoite<\/p>\t\t\t\t\t\t<p class=\"eael-feature-list-content\">Hallituskatu 19 B<br>\n90100 Oulu<\/p>\n\t\t\t\t\t\t<\/div>\n\n\t\t\t\t\t<\/li>\n\t\t\t\t\t\t\t<\/ul>\n\t\t<\/div>\n\t\t\t\t\t\t<\/div>\n\t\t\t\t<\/div>\n\t\t\t\t\t<\/div>\n\t\t<\/div>\n\t\t\t\t<div class=\"elementor-column elementor-col-50 elementor-top-column elementor-element elementor-element-f174397\" data-id=\"f174397\" data-element_type=\"column\" data-e-type=\"column\">\n\t\t\t<div class=\"elementor-widget-wrap elementor-element-populated\">\n\t\t\t\t\t\t<div class=\"elementor-element elementor-element-6e26655 elementor-widget elementor-widget-heading\" data-id=\"6e26655\" data-element_type=\"widget\" data-e-type=\"widget\" data-widget_type=\"heading.default\">\n\t\t\t\t<div class=\"elementor-widget-container\">\n\t\t\t\t\t<h2 class=\"elementor-heading-title elementor-size-default\">Ota meihin yhteytt\u00e4<\/h2>\t\t\t\t<\/div>\n\t\t\t\t<\/div>\n\t\t\t\t<div class=\"elementor-element elementor-element-f64be01 elementor-widget elementor-widget-wpforms\" data-id=\"f64be01\" data-element_type=\"widget\" data-e-type=\"widget\" data-widget_type=\"wpforms.default\">\n\t\t\t\t<div class=\"elementor-widget-container\">\n\t\t\t\t\t<div class=\"wpforms-container wpforms-container-full\" id=\"wpforms-816\"><form id=\"wpforms-form-816\" class=\"wpforms-validate wpforms-form\" data-formid=\"816\" method=\"post\" enctype=\"multipart\/form-data\" action=\"\/en\/wp-json\/wp\/v2\/pages\/33\" data-token=\"c7468a27b32620e1f4130e68b6451411\" data-token-time=\"1776683953\"><noscript class=\"wpforms-error-noscript\">Please enable JavaScript in your browser to complete this form.<\/noscript><div class=\"wpforms-field-container\"><div id=\"wpforms-816-field_0-container\" class=\"wpforms-field wpforms-field-name\" data-field-id=\"0\"><label class=\"wpforms-field-label wpforms-label-hide\" for=\"wpforms-816-field_0\">Name <span class=\"wpforms-required-label\">*<\/span><\/label><input type=\"text\" id=\"wpforms-816-field_0\" class=\"wpforms-field-large wpforms-field-required\" name=\"wpforms[fields][0]\" placeholder=\"Nimi\" required><\/div><div id=\"wpforms-816-field_10-container\" class=\"wpforms-field wpforms-field-name\" data-field-id=\"10\"><label class=\"wpforms-field-label wpforms-label-hide\" for=\"wpforms-816-field_10\">Puhelinnumero<\/label><input type=\"text\" id=\"wpforms-816-field_10\" class=\"wpforms-field-large\" name=\"wpforms[fields][10]\" placeholder=\"Puhelinnumero\" ><\/div><div id=\"wpforms-816-field_1-container\" class=\"wpforms-field wpforms-field-email\" data-field-id=\"1\"><label class=\"wpforms-field-label wpforms-label-hide\" for=\"wpforms-816-field_1\">S\u00e4hk\u00f6posti <span class=\"wpforms-required-label\">*<\/span><\/label><input type=\"email\" id=\"wpforms-816-field_1\" class=\"wpforms-field-large wpforms-field-required\" name=\"wpforms[fields][1]\" placeholder=\"S\u00e4hk\u00f6posti\" spellcheck=\"false\" required><\/div><div id=\"wpforms-816-field_2-container\" class=\"wpforms-field wpforms-field-textarea\" data-field-id=\"2\"><label class=\"wpforms-field-label wpforms-label-hide\" for=\"wpforms-816-field_2\">Viesti<\/label><textarea id=\"wpforms-816-field_2\" class=\"wpforms-field-medium\" name=\"wpforms[fields][2]\" placeholder=\"Viesti\" ><\/textarea><\/div><\/div><!-- .wpforms-field-container --><div class=\"wpforms-submit-container\" ><input type=\"hidden\" name=\"wpforms[id]\" value=\"816\"><input type=\"hidden\" name=\"page_title\" value=\"\"><input type=\"hidden\" name=\"page_url\" value=\"https:\/\/forms.nive.fi\/en\/wp-json\/wp\/v2\/pages\/33\"><input type=\"hidden\" name=\"url_referer\" value=\"\"><button type=\"submit\" name=\"wpforms[submit]\" id=\"wpforms-submit-816\" class=\"wpforms-submit\" data-alt-text=\"Viesti\u00e4 l\u00e4hetet\u00e4\u00e4n\u2026\" data-submit-text=\"L\u00e4het\u00e4\" aria-live=\"assertive\" value=\"wpforms-submit\">L\u00e4het\u00e4<\/button><\/div><\/form><\/div>  <!-- .wpforms-container -->\t\t\t\t<\/div>\n\t\t\t\t<\/div>\n\t\t\t\t\t<\/div>\n\t\t<\/div>\n\t\t\t\t\t<\/div>\n\t\t<\/section>\n\t\t\t\t<section class=\"elementor-section elementor-top-section elementor-element elementor-element-3d70c5e elementor-section-boxed elementor-section-height-default elementor-section-height-default\" data-id=\"3d70c5e\" data-element_type=\"section\" data-e-type=\"section\" data-settings=\"{&quot;_ha_eqh_enable&quot;:false}\">\n\t\t\t\t\t\t<div class=\"elementor-container elementor-column-gap-default\">\n\t\t\t\t\t<div class=\"elementor-column elementor-col-50 elementor-top-column elementor-element elementor-element-b44fe19\" data-id=\"b44fe19\" data-element_type=\"column\" data-e-type=\"column\">\n\t\t\t<div class=\"elementor-widget-wrap elementor-element-populated\">\n\t\t\t\t\t\t<div class=\"elementor-element elementor-element-aae2b1d elementor-widget elementor-widget-image\" data-id=\"aae2b1d\" data-element_type=\"widget\" data-e-type=\"widget\" data-widget_type=\"image.default\">\n\t\t\t\t<div class=\"elementor-widget-container\">\n\t\t\t\t\t\t\t\t\t\t\t\t\t\t\t<img fetchpriority=\"high\" decoding=\"async\" width=\"225\" height=\"300\" src=\"https:\/\/forms.nive.fi\/wp-content\/uploads\/2021\/08\/WP_20130509_004-225x300.jpg\" class=\"attachment-medium size-medium wp-image-1579\" alt=\"\" srcset=\"https:\/\/forms.nive.fi\/wp-content\/uploads\/2021\/08\/WP_20130509_004-225x300.jpg 225w, https:\/\/forms.nive.fi\/wp-content\/uploads\/2021\/08\/WP_20130509_004-9x12.jpg 9w, https:\/\/forms.nive.fi\/wp-content\/uploads\/2021\/08\/WP_20130509_004.jpg 480w\" sizes=\"(max-width: 225px) 100vw, 225px\" \/>\t\t\t\t\t\t\t\t\t\t\t\t\t\t\t<\/div>\n\t\t\t\t<\/div>\n\t\t\t\t\t<\/div>\n\t\t<\/div>\n\t\t\t\t<div class=\"elementor-column elementor-col-50 elementor-top-column elementor-element elementor-element-f7c7b6f\" data-id=\"f7c7b6f\" data-element_type=\"column\" data-e-type=\"column\">\n\t\t\t<div class=\"elementor-widget-wrap elementor-element-populated\">\n\t\t\t\t\t\t<div class=\"elementor-element elementor-element-a178b57 elementor-widget elementor-widget-eael-testimonial\" data-id=\"a178b57\" data-element_type=\"widget\" data-e-type=\"widget\" data-widget_type=\"eael-testimonial.default\">\n\t\t\t\t<div class=\"elementor-widget-container\">\n\t\t\t\t\t\n\t<div id=\"eael-testimonial-a178b57\" class=\"eael-testimonial-item clearfix  default-style\">\n\t\t\t\t\n\t\t\n\t\t\t\t\t\t\t\t<div class=\"eael-testimonial-content\">\n\t\t\t\t<div class=\"eael-testimonial-text\"><div>Nive haluaa olla pidetty ja<br \/>arvostettu kumppani mahdollistamassa<br \/>informaatiohallinnan ratkaisuja ja palveluja.<\/div><\/div><p class=\"eael-testimonial-user\">Pekka<\/p>\t\t\t<\/div>\n\t\t\n\t\t\n\t\t\n\t\t\n\t\t\n\t\t\n\t\t<span class=\"eael-testimonial-quote\"><\/span>\n\t<\/div>\n\n\t\t\t\t\t<\/div>\n\t\t\t\t<\/div>\n\t\t\t\t\t<\/div>\n\t\t<\/div>\n\t\t\t\t\t<\/div>\n\t\t<\/section>\n\t\t\t\t<section class=\"elementor-section elementor-top-section elementor-element elementor-element-56d42b9b elementor-section-full_width elementor-section-height-default elementor-section-height-default\" data-id=\"56d42b9b\" data-element_type=\"section\" data-e-type=\"section\" data-settings=\"{&quot;_ha_eqh_enable&quot;:false}\">\n\t\t\t\t\t\t<div class=\"elementor-container elementor-column-gap-default\">\n\t\t\t\t\t<div class=\"elementor-column elementor-col-100 elementor-top-column elementor-element elementor-element-6513eb05\" data-id=\"6513eb05\" data-element_type=\"column\" data-e-type=\"column\">\n\t\t\t<div class=\"elementor-widget-wrap elementor-element-populated\">\n\t\t\t\t\t\t<div class=\"elementor-element elementor-element-a080626 elementor-widget elementor-widget-google_maps\" data-id=\"a080626\" data-element_type=\"widget\" data-e-type=\"widget\" data-widget_type=\"google_maps.default\">\n\t\t\t\t<div class=\"elementor-widget-container\">\n\t\t\t\t\t\t\t<div class=\"elementor-custom-embed\">\n\t\t\t<iframe\n\t\t\t\t\tdata-src=\"https:\/\/maps.google.com\/maps?q=Hallituskatu%2019b%2C%20Oulu%2C%20Finland&#038;t=m&#038;z=17&#038;output=embed&#038;iwloc=near\"\n\t\t\t\t\ttitle=\"Hallituskatu 19b, Oulu, Finland\"\n\t\t\t\t\taria-label=\"Hallituskatu 19b, Oulu, Finland\"\n\t\t\t src=\"data:image\/svg+xml;base64,PHN2ZyB3aWR0aD0iMSIgaGVpZ2h0PSIxIiB4bWxucz0iaHR0cDovL3d3dy53My5vcmcvMjAwMC9zdmciPjwvc3ZnPg==\" class=\"lazyload\" data-load-mode=\"1\"><\/iframe>\n\t\t<\/div>\n\t\t\t\t\t\t<\/div>\n\t\t\t\t<\/div>\n\t\t\t\t\t<\/div>\n\t\t<\/div>\n\t\t\t\t\t<\/div>\n\t\t<\/section>\n\t\t\t\t<\/div>\n\t\t","protected":false},"excerpt":{"rendered":"<p>Yhteystiedot Puhelinnumero Pekka Korpela +358 40 5544837 S\u00e4hk\u00f6posti info@nive.fi K\u00e4yntiosoite Hallituskatu 19 B 90100 Oulu Ota meihin yhteytt\u00e4 Please enable JavaScript in your browser to complete this form.Name *PuhelinnumeroS\u00e4hk\u00f6posti *Viesti L\u00e4het\u00e4 Nive haluaa olla pidetty jaarvostettu kumppani mahdollistamassainformaatiohallinnan ratkaisuja ja palveluja. Pekka<\/p>","protected":false},"author":6,"featured_media":5024,"parent":0,"menu_order":0,"comment_status":"closed","ping_status":"closed","template":"","meta":{"site-sidebar-layout":"no-sidebar","site-content-layout":"page-builder","ast-site-content-layout":"full-width-container","site-content-style":"unboxed","site-sidebar-style":"unboxed","ast-global-header-display":"","ast-banner-title-visibility":"","ast-main-header-display":"","ast-hfb-above-header-display":"","ast-hfb-below-header-display":"","ast-hfb-mobile-header-display":"","site-post-title":"disabled","ast-breadcrumbs-content":"","ast-featured-img":"","footer-sml-layout":"","ast-disable-related-posts":"","theme-transparent-header-meta":"enabled","adv-header-id-meta":"","stick-header-meta":"","header-above-stick-meta":"","header-main-stick-meta":"","header-below-stick-meta":"","astra-migrate-meta-layouts":"set","ast-page-background-enabled":"default","ast-page-background-meta":{"desktop":{"background-color":"","background-image":"","background-repeat":"repeat","background-position":"center center","background-size":"auto","background-attachment":"scroll","background-type":"","background-media":"","overlay-type":"","overlay-color":"","overlay-opacity":"","overlay-gradient":""},"tablet":{"background-color":"","background-image":"","background-repeat":"repeat","background-position":"center center","background-size":"auto","background-attachment":"scroll","background-type":"","background-media":"","overlay-type":"","overlay-color":"","overlay-opacity":"","overlay-gradient":""},"mobile":{"background-color":"","background-image":"","background-repeat":"repeat","background-position":"center center","background-size":"auto","background-attachment":"scroll","background-type":"","background-media":"","overlay-type":"","overlay-color":"","overlay-opacity":"","overlay-gradient":""}},"ast-content-background-meta":{"desktop":{"background-color":"var(--ast-global-color-5)","background-image":"","background-repeat":"repeat","background-position":"center center","background-size":"auto","background-attachment":"scroll","background-type":"","background-media":"","overlay-type":"","overlay-color":"","overlay-opacity":"","overlay-gradient":""},"tablet":{"background-color":"var(--ast-global-color-5)","background-image":"","background-repeat":"repeat","background-position":"center center","background-size":"auto","background-attachment":"scroll","background-type":"","background-media":"","overlay-type":"","overlay-color":"","overlay-opacity":"","overlay-gradient":""},"mobile":{"background-color":"var(--ast-global-color-5)","background-image":"","background-repeat":"repeat","background-position":"center center","background-size":"auto","background-attachment":"scroll","background-type":"","background-media":"","overlay-type":"","overlay-color":"","overlay-opacity":"","overlay-gradient":""}},"footnotes":""},"class_list":["post-33","page","type-page","status-publish","has-post-thumbnail","hentry"],"yoast_head":"<!-- This site is optimized with the Yoast SEO plugin v27.4 - https:\/\/yoast.com\/product\/yoast-seo-wordpress\/ -->\n<title>Yhteystiedot - Nive Forms<\/title>\n<meta name=\"description\" content=\"Ota meihin yhteytt\u00e4! Nive Forms helposti r\u00e4\u00e4t\u00e4l\u00f6ityn\u00e4 asiakkaan tarpeiden mukaan.\" \/>\n<meta name=\"robots\" content=\"index, follow, max-snippet:-1, max-image-preview:large, max-video-preview:-1\" \/>\n<link rel=\"canonical\" href=\"https:\/\/forms.nive.fi\/en\/yhteystiedot\/\" \/>\n<meta property=\"og:locale\" content=\"en_GB\" \/>\n<meta property=\"og:type\" content=\"article\" \/>\n<meta property=\"og:title\" content=\"Yhteystiedot - Nive Forms\" \/>\n<meta property=\"og:description\" content=\"Ota meihin yhteytt\u00e4! Nive Forms helposti r\u00e4\u00e4t\u00e4l\u00f6ityn\u00e4 asiakkaan tarpeiden mukaan.\" \/>\n<meta property=\"og:url\" content=\"https:\/\/forms.nive.fi\/en\/yhteystiedot\/\" \/>\n<meta property=\"og:site_name\" content=\"Nive Forms\" \/>\n<meta property=\"article:publisher\" content=\"https:\/\/www.facebook.com\/NiveInformationTechnology\/\" \/>\n<meta property=\"article:modified_time\" content=\"2025-02-03T07:56:09+00:00\" \/>\n<meta property=\"og:image\" content=\"https:\/\/forms.nive.fi\/wp-content\/uploads\/2025\/02\/NiveFormsLogo-1-e1738568855946.png\" \/>\n\t<meta property=\"og:image:width\" content=\"392\" \/>\n\t<meta property=\"og:image:height\" content=\"557\" \/>\n\t<meta property=\"og:image:type\" content=\"image\/png\" \/>\n<meta name=\"twitter:card\" content=\"summary_large_image\" \/>\n<meta name=\"twitter:label1\" content=\"Estimated reading time\" \/>\n\t<meta name=\"twitter:data1\" content=\"1 minute\" \/>\n<script type=\"application\/ld+json\" class=\"yoast-schema-graph\">{\"@context\":\"https:\\\/\\\/schema.org\",\"@graph\":[{\"@type\":\"WebPage\",\"@id\":\"https:\\\/\\\/forms.nive.fi\\\/yhteystiedot\\\/\",\"url\":\"https:\\\/\\\/forms.nive.fi\\\/yhteystiedot\\\/\",\"name\":\"Yhteystiedot - Nive Forms\",\"isPartOf\":{\"@id\":\"https:\\\/\\\/forms.nive.fi\\\/#website\"},\"primaryImageOfPage\":{\"@id\":\"https:\\\/\\\/forms.nive.fi\\\/yhteystiedot\\\/#primaryimage\"},\"image\":{\"@id\":\"https:\\\/\\\/forms.nive.fi\\\/yhteystiedot\\\/#primaryimage\"},\"thumbnailUrl\":\"https:\\\/\\\/forms.nive.fi\\\/wp-content\\\/uploads\\\/2025\\\/02\\\/NiveFormsLogo-1-e1741162675207.png\",\"datePublished\":\"2020-04-13T11:18:48+00:00\",\"dateModified\":\"2025-02-03T07:56:09+00:00\",\"description\":\"Ota meihin yhteytt\u00e4! Nive Forms helposti r\u00e4\u00e4t\u00e4l\u00f6ityn\u00e4 asiakkaan tarpeiden mukaan.\",\"breadcrumb\":{\"@id\":\"https:\\\/\\\/forms.nive.fi\\\/yhteystiedot\\\/#breadcrumb\"},\"inLanguage\":\"en-GB\",\"potentialAction\":[{\"@type\":\"ReadAction\",\"target\":[\"https:\\\/\\\/forms.nive.fi\\\/yhteystiedot\\\/\"]}]},{\"@type\":\"ImageObject\",\"inLanguage\":\"en-GB\",\"@id\":\"https:\\\/\\\/forms.nive.fi\\\/yhteystiedot\\\/#primaryimage\",\"url\":\"https:\\\/\\\/forms.nive.fi\\\/wp-content\\\/uploads\\\/2025\\\/02\\\/NiveFormsLogo-1-e1741162675207.png\",\"contentUrl\":\"https:\\\/\\\/forms.nive.fi\\\/wp-content\\\/uploads\\\/2025\\\/02\\\/NiveFormsLogo-1-e1741162675207.png\",\"width\":200,\"height\":284},{\"@type\":\"BreadcrumbList\",\"@id\":\"https:\\\/\\\/forms.nive.fi\\\/yhteystiedot\\\/#breadcrumb\",\"itemListElement\":[{\"@type\":\"ListItem\",\"position\":1,\"name\":\"Home\",\"item\":\"https:\\\/\\\/forms.nive.fi\\\/\"},{\"@type\":\"ListItem\",\"position\":2,\"name\":\"Yhteystiedot\"}]},{\"@type\":\"WebSite\",\"@id\":\"https:\\\/\\\/forms.nive.fi\\\/#website\",\"url\":\"https:\\\/\\\/forms.nive.fi\\\/\",\"name\":\"Nive Forms\",\"description\":\"\",\"publisher\":{\"@id\":\"https:\\\/\\\/forms.nive.fi\\\/#organization\"},\"potentialAction\":[{\"@type\":\"SearchAction\",\"target\":{\"@type\":\"EntryPoint\",\"urlTemplate\":\"https:\\\/\\\/forms.nive.fi\\\/?s={search_term_string}\"},\"query-input\":{\"@type\":\"PropertyValueSpecification\",\"valueRequired\":true,\"valueName\":\"search_term_string\"}}],\"inLanguage\":\"en-GB\"},{\"@type\":\"Organization\",\"@id\":\"https:\\\/\\\/forms.nive.fi\\\/#organization\",\"name\":\"Nive Information Technology\",\"url\":\"https:\\\/\\\/forms.nive.fi\\\/\",\"logo\":{\"@type\":\"ImageObject\",\"inLanguage\":\"en-GB\",\"@id\":\"https:\\\/\\\/forms.nive.fi\\\/#\\\/schema\\\/logo\\\/image\\\/\",\"url\":\"https:\\\/\\\/forms.nive.fi\\\/wp-content\\\/uploads\\\/2024\\\/11\\\/cropped-NiveFormsLogo-e1741162527609.png\",\"contentUrl\":\"https:\\\/\\\/forms.nive.fi\\\/wp-content\\\/uploads\\\/2024\\\/11\\\/cropped-NiveFormsLogo-e1741162527609.png\",\"width\":600,\"height\":100,\"caption\":\"Nive Information Technology\"},\"image\":{\"@id\":\"https:\\\/\\\/forms.nive.fi\\\/#\\\/schema\\\/logo\\\/image\\\/\"},\"sameAs\":[\"https:\\\/\\\/www.facebook.com\\\/NiveInformationTechnology\\\/\",\"https:\\\/\\\/www.linkedin.com\\\/company\\\/niveit\\\/\"]}]}<\/script>\n<!-- \/ Yoast SEO plugin. -->","yoast_head_json":{"title":"Yhteystiedot - Nive Forms","description":"Ota meihin yhteytt\u00e4! Nive Forms helposti r\u00e4\u00e4t\u00e4l\u00f6ityn\u00e4 asiakkaan tarpeiden mukaan.","robots":{"index":"index","follow":"follow","max-snippet":"max-snippet:-1","max-image-preview":"max-image-preview:large","max-video-preview":"max-video-preview:-1"},"canonical":"https:\/\/forms.nive.fi\/en\/yhteystiedot\/","og_locale":"en_GB","og_type":"article","og_title":"Yhteystiedot - Nive Forms","og_description":"Ota meihin yhteytt\u00e4! Nive Forms helposti r\u00e4\u00e4t\u00e4l\u00f6ityn\u00e4 asiakkaan tarpeiden mukaan.","og_url":"https:\/\/forms.nive.fi\/en\/yhteystiedot\/","og_site_name":"Nive Forms","article_publisher":"https:\/\/www.facebook.com\/NiveInformationTechnology\/","article_modified_time":"2025-02-03T07:56:09+00:00","og_image":[{"width":392,"height":557,"url":"https:\/\/forms.nive.fi\/wp-content\/uploads\/2025\/02\/NiveFormsLogo-1-e1738568855946.png","type":"image\/png"}],"twitter_card":"summary_large_image","twitter_misc":{"Estimated reading time":"1 minute"},"schema":{"@context":"https:\/\/schema.org","@graph":[{"@type":"WebPage","@id":"https:\/\/forms.nive.fi\/yhteystiedot\/","url":"https:\/\/forms.nive.fi\/yhteystiedot\/","name":"Yhteystiedot - Nive Forms","isPartOf":{"@id":"https:\/\/forms.nive.fi\/#website"},"primaryImageOfPage":{"@id":"https:\/\/forms.nive.fi\/yhteystiedot\/#primaryimage"},"image":{"@id":"https:\/\/forms.nive.fi\/yhteystiedot\/#primaryimage"},"thumbnailUrl":"https:\/\/forms.nive.fi\/wp-content\/uploads\/2025\/02\/NiveFormsLogo-1-e1741162675207.png","datePublished":"2020-04-13T11:18:48+00:00","dateModified":"2025-02-03T07:56:09+00:00","description":"Ota meihin yhteytt\u00e4! Nive Forms helposti r\u00e4\u00e4t\u00e4l\u00f6ityn\u00e4 asiakkaan tarpeiden mukaan.","breadcrumb":{"@id":"https:\/\/forms.nive.fi\/yhteystiedot\/#breadcrumb"},"inLanguage":"en-GB","potentialAction":[{"@type":"ReadAction","target":["https:\/\/forms.nive.fi\/yhteystiedot\/"]}]},{"@type":"ImageObject","inLanguage":"en-GB","@id":"https:\/\/forms.nive.fi\/yhteystiedot\/#primaryimage","url":"https:\/\/forms.nive.fi\/wp-content\/uploads\/2025\/02\/NiveFormsLogo-1-e1741162675207.png","contentUrl":"https:\/\/forms.nive.fi\/wp-content\/uploads\/2025\/02\/NiveFormsLogo-1-e1741162675207.png","width":200,"height":284},{"@type":"BreadcrumbList","@id":"https:\/\/forms.nive.fi\/yhteystiedot\/#breadcrumb","itemListElement":[{"@type":"ListItem","position":1,"name":"Home","item":"https:\/\/forms.nive.fi\/"},{"@type":"ListItem","position":2,"name":"Yhteystiedot"}]},{"@type":"WebSite","@id":"https:\/\/forms.nive.fi\/#website","url":"https:\/\/forms.nive.fi\/","name":"Nive Forms","description":"","publisher":{"@id":"https:\/\/forms.nive.fi\/#organization"},"potentialAction":[{"@type":"SearchAction","target":{"@type":"EntryPoint","urlTemplate":"https:\/\/forms.nive.fi\/?s={search_term_string}"},"query-input":{"@type":"PropertyValueSpecification","valueRequired":true,"valueName":"search_term_string"}}],"inLanguage":"en-GB"},{"@type":"Organization","@id":"https:\/\/forms.nive.fi\/#organization","name":"Nive Information Technology","url":"https:\/\/forms.nive.fi\/","logo":{"@type":"ImageObject","inLanguage":"en-GB","@id":"https:\/\/forms.nive.fi\/#\/schema\/logo\/image\/","url":"https:\/\/forms.nive.fi\/wp-content\/uploads\/2024\/11\/cropped-NiveFormsLogo-e1741162527609.png","contentUrl":"https:\/\/forms.nive.fi\/wp-content\/uploads\/2024\/11\/cropped-NiveFormsLogo-e1741162527609.png","width":600,"height":100,"caption":"Nive Information Technology"},"image":{"@id":"https:\/\/forms.nive.fi\/#\/schema\/logo\/image\/"},"sameAs":["https:\/\/www.facebook.com\/NiveInformationTechnology\/","https:\/\/www.linkedin.com\/company\/niveit\/"]}]}},"_links":{"self":[{"href":"https:\/\/forms.nive.fi\/en\/wp-json\/wp\/v2\/pages\/33","targetHints":{"allow":["GET"]}}],"collection":[{"href":"https:\/\/forms.nive.fi\/en\/wp-json\/wp\/v2\/pages"}],"about":[{"href":"https:\/\/forms.nive.fi\/en\/wp-json\/wp\/v2\/types\/page"}],"author":[{"embeddable":true,"href":"https:\/\/forms.nive.fi\/en\/wp-json\/wp\/v2\/users\/6"}],"replies":[{"embeddable":true,"href":"https:\/\/forms.nive.fi\/en\/wp-json\/wp\/v2\/comments?post=33"}],"version-history":[{"count":152,"href":"https:\/\/forms.nive.fi\/en\/wp-json\/wp\/v2\/pages\/33\/revisions"}],"predecessor-version":[{"id":5012,"href":"https:\/\/forms.nive.fi\/en\/wp-json\/wp\/v2\/pages\/33\/revisions\/5012"}],"wp:featuredmedia":[{"embeddable":true,"href":"https:\/\/forms.nive.fi\/en\/wp-json\/wp\/v2\/media\/5024"}],"wp:attachment":[{"href":"https:\/\/forms.nive.fi\/en\/wp-json\/wp\/v2\/media?parent=33"}],"curies":[{"name":"wp","href":"https:\/\/api.w.org\/{rel}","templated":true}]}}